{"id":392,"date":"2026-03-17T13:31:31","date_gmt":"2026-03-17T13:31:31","guid":{"rendered":"https:\/\/fresinigroup.com\/proyectos-inmobiliarios\/"},"modified":"2026-04-03T10:12:07","modified_gmt":"2026-04-03T10:12:07","slug":"proyectos-inmobiliarios","status":"publish","type":"page","link":"https:\/\/fresinigroup.com\/es\/proyectos-inmobiliarios\/","title":{"rendered":"Proyectos\/Inversiones"},"content":{"rendered":"<div class=\"et_pb_section_0 et_pb_section et_section_regular et_flex_section\">\n<div class=\"et_pb_row_0 et_pb_row et_flex_row\">\n<div class=\"et_pb_column_0 et_pb_column et-last-child et_flex_column et_pb_css_mix_blend_mode_passthrough et_flex_column_24_24 et_flex_column_24_24_tablet et_flex_column_24_24_phone\">\n<section class=\"et_pb_fullwidth_header_0 et_pb_fullwidth_header et_pb_bg_layout_dark et_pb_text_align_left et_pb_module et_flex_module\"><div class=\"et_pb_fullwidth_header_container left\"><div class=\"header-content-container center\"><div class=\"header-content et_flex_module\"><h1 class=\"et_pb_module_header\">Proyectos y Inversiones<\/h1><div class=\"et_pb_header_button_wrapper\"><\/div><\/div><\/div><\/div><div class=\"et_pb_fullwidth_header_overlay\"><\/div><div class=\"et_pb_fullwidth_header_scroll\"><\/div><\/section>\n<\/div>\n<\/div>\n<\/div>\n\n<div class=\"et_pb_section_1 et_pb_section et_section_regular et_flex_section\">\n<div class=\"et_pb_row_1 et_pb_row et_flex_row\">\n<div class=\"et_pb_column_1 et_pb_column et-last-child et_flex_column et_pb_css_mix_blend_mode_passthrough et_flex_column_24_24 et_flex_column_24_24_tablet et_flex_column_24_24_phone\">\n<div class=\"et_pb_code_0 et_pb_code et_pb_module\"><div class=\"et_pb_code_inner\"><div id=\"realisations\" class=\"realisations-grid\">\n    \n    <a href=\"https:\/\/fresinigroup.com\/es\/projet\/eltiera-views\/\" class=\"realisation\" data-categories=\"\">\n      <div class=\"realisation-image\" style=\"background-image:url('https:\/\/fresinigroup.com\/wp-content\/uploads\/2026\/03\/Eltiera-views-1024x602.png');\">\n        <div class=\"title-default\">\n          <h3>Eltiera Views<\/h3>\n        <\/div>\n        <div class=\"overlay\">\n          <div class=\"overlay-content\">\n\n            <!-- HAUT : titre + infos -->\n            <div class=\"overlay-top\">\n              <h3>Eltiera Views<\/h3>\n              <div class=\"informations\">\n\n                <span class=\"info-tag\">\n                  <svg xmlns=\"http:\/\/www.w3.org\/2000\/svg\" width=\"16\" height=\"16\" viewbox=\"0 0 24 24\" fill=\"none\" stroke=\"currentColor\" stroke-width=\"2\" stroke-linecap=\"round\" stroke-linejoin=\"round\" class=\"lucide lucide-map-pin-icon lucide-map-pin\"><path d=\"M20 10c0 4.993-5.539 10.193-7.399 11.799a1 1 0 0 1-1.202 0C9.539 20.193 4 14.993 4 10a8 8 0 0 1 16 0\"><\/path><circle cx=\"12\" cy=\"10\" r=\"3\"><\/circle><\/svg>\n Jumeirah Islands\/Jumeirah Heights, Dubai\n                <\/span>\n\n\n              <span class=\"info-tag\">\n                <svg xmlns=\"http:\/\/www.w3.org\/2000\/svg\" width=\"14\" height=\"14\" viewbox=\"0 0 24 24\" fill=\"none\" stroke=\"currentColor\" stroke-width=\"2\" stroke-linecap=\"round\" stroke-linejoin=\"round\"><path d=\"m12 8 6-3-6-3v10\"><\/path><path d=\"m8 11.99-5.5 3.14a1 1 0 0 0 0 1.74l8.5 4.86a2 2 0 0 0 2 0l8.5-4.86a1 1 0 0 0 0-1.74L16 12\"><\/path><path d=\"m6.49 12.85 11.02 6.3\"><\/path><path d=\"M17.51 12.85 6.5 19.15\"><\/path><\/svg>\n De 73,95 a 558,16 m\u00b2\n              <\/span>\n\n              <span class=\"info-tag\">\n                <svg xmlns=\"http:\/\/www.w3.org\/2000\/svg\" width=\"14\" height=\"14\" viewbox=\"0 0 24 24\" fill=\"none\" stroke=\"currentColor\" stroke-width=\"2\" stroke-linecap=\"round\" stroke-linejoin=\"round\"><rect x=\"3\" y=\"4\" width=\"18\" height=\"18\" rx=\"2\"><\/rect><path d=\"M16 2v4\"><\/path><path d=\"M8 2v4\"><\/path><path d=\"M3 10h18\"><\/path><\/svg>\n 2029\n              <\/span>\n\n              <span class=\"info-tag info-tag--statut\">\n En desarrollo\n              <\/span>\n\n              <\/div>\n            <\/div>\n            <!-- MILIEU : description -->\n\n <p>Eltiera Views es la evoluci\u00f3n natural de Eltiera Heights, una continuaci\u00f3n refinada que profundiza la conexi\u00f3n entre el dise\u00f1o, el estilo de vida y la serenidad de su entorno. Concebido como una residencia para cada versi\u00f3n de ti mismo, ofrece espacios que se adaptan a tu ritmo, ya busques calma, movimiento, conexi\u00f3n o retiro. Desde momentos sociales vibrantes hasta rituales tranquilos, cada detalle ha sido cuidadosamente dise\u00f1ado para resonar con las m\u00faltiples facetas de la vida moderna. El desarrollo residencial est\u00e1 moldeado por su entorno, tomando su forma y su esencia del lago sereno, los verdes esculpidos y las aguas lejanas de Jumeirah Islands. Aqu\u00ed, la arquitectura no solo enmarca la vista, fluye a partir de ella.<\/p>\n\n            <!-- BAS : voir plus -->\n            <span class=\"voir-plus\">Ver m\u00e1s \u2192<\/span>\n\n          <\/div>\n        <\/div>\n      <\/div>\n    <\/a>\n\n    <a href=\"https:\/\/fresinigroup.com\/es\/projet\/im-sports-complex\/\" class=\"realisation\" data-categories=\"\">\n      <div class=\"realisation-image\" style=\"background-image:url('https:\/\/fresinigroup.com\/wp-content\/uploads\/2026\/03\/IM-sports-air-view-1-1024x578.png');\">\n        <div class=\"title-default\">\n          <h3>IM Sports Complex<\/h3>\n        <\/div>\n        <div class=\"overlay\">\n          <div class=\"overlay-content\">\n\n            <!-- HAUT : titre + infos -->\n            <div class=\"overlay-top\">\n              <h3>IM Sports Complex<\/h3>\n              <div class=\"informations\">\n\n                <span class=\"info-tag\">\n                  <svg xmlns=\"http:\/\/www.w3.org\/2000\/svg\" width=\"16\" height=\"16\" viewbox=\"0 0 24 24\" fill=\"none\" stroke=\"currentColor\" stroke-width=\"2\" stroke-linecap=\"round\" stroke-linejoin=\"round\" class=\"lucide lucide-map-pin-icon lucide-map-pin\"><path d=\"M20 10c0 4.993-5.539 10.193-7.399 11.799a1 1 0 0 1-1.202 0C9.539 20.193 4 14.993 4 10a8 8 0 0 1 16 0\"><\/path><circle cx=\"12\" cy=\"10\" r=\"3\"><\/circle><\/svg>\n Duba\u00ef\n                <\/span>\n\n\n\n              <\/div>\n            <\/div>\n            <!-- MILIEU : description -->\n\n <p class=\"my-2 [&amp;+p]:mt-4 [&amp;_strong:has(+br)]:inline-block [&amp;_strong:has(+br)]:pb-2\">I A M S Sport Clubs est\u00e1 constituida como una sociedad de responsabilidad limitada (Mainland LLC) en Dub\u00e1i, cumpliendo con todos los requisitos legales y normativas establecidas por el Dubai Economic Department (DED).<br \/>Esta estructura ofrece flexibilidad para operar en todo el territorio de los Emiratos \u00c1rabes Unidos y permite una colaboraci\u00f3n fluida tanto con el sector p\u00fablico como con el privado. <\/p>\n<p class=\"my-2 [&amp;+p]:mt-4 [&amp;_strong:has(+br)]:inline-block [&amp;_strong:has(+br)]:pb-2\">La misi\u00f3n es formar a la pr\u00f3xima generaci\u00f3n de atletas mediante un entrenamiento de alta calidad y ofrecer una plataforma para la participaci\u00f3n en deportes competitivos.<br \/>La visi\u00f3n, a largo plazo, es convertirse en la principal academia deportiva de la regi\u00f3n, fomentando el talento desde las bases hasta los niveles profesionales. <\/p>\n<p class=\"my-2 [&amp;+p]:mt-4 [&amp;_strong:has(+br)]:inline-block [&amp;_strong:has(+br)]:pb-2\">Este proyecto busca inversores potenciales.<br \/>\nLos accionistas (inversores) de I A M S Sport Clubs poseer\u00e1n acciones proporcionales a su aportaci\u00f3n de capital.<br \/>El porcentaje de propiedad de cada accionista reflejar\u00e1 exactamente la cantidad invertida, garantizando una representaci\u00f3n equitativa y un poder de decisi\u00f3n justo dentro de la empresa. <\/p>\n\n            <!-- BAS : voir plus -->\n            <span class=\"voir-plus\">Ver m\u00e1s \u2192<\/span>\n\n          <\/div>\n        <\/div>\n      <\/div>\n    <\/a>\n\n    <a href=\"https:\/\/fresinigroup.com\/es\/projet\/playa-del-sol\/\" class=\"realisation\" data-categories=\"\">\n      <div class=\"realisation-image\" style=\"background-image:url('https:\/\/fresinigroup.com\/wp-content\/uploads\/2026\/03\/Screenshot-2026-03-27-at-13.23.55-1024x472.png');\">\n        <div class=\"title-default\">\n          <h3>Playa Del Sol<\/h3>\n        <\/div>\n        <div class=\"overlay\">\n          <div class=\"overlay-content\">\n\n            <!-- HAUT : titre + infos -->\n            <div class=\"overlay-top\">\n              <h3>Playa Del Sol<\/h3>\n              <div class=\"informations\">\n\n                <span class=\"info-tag\">\n                  <svg xmlns=\"http:\/\/www.w3.org\/2000\/svg\" width=\"16\" height=\"16\" viewbox=\"0 0 24 24\" fill=\"none\" stroke=\"currentColor\" stroke-width=\"2\" stroke-linecap=\"round\" stroke-linejoin=\"round\" class=\"lucide lucide-map-pin-icon lucide-map-pin\"><path d=\"M20 10c0 4.993-5.539 10.193-7.399 11.799a1 1 0 0 1-1.202 0C9.539 20.193 4 14.993 4 10a8 8 0 0 1 16 0\"><\/path><circle cx=\"12\" cy=\"10\" r=\"3\"><\/circle><\/svg>\n Ras Al Khaimah\n                <\/span>\n\n\n              <span class=\"info-tag\">\n                <svg xmlns=\"http:\/\/www.w3.org\/2000\/svg\" width=\"14\" height=\"14\" viewbox=\"0 0 24 24\" fill=\"none\" stroke=\"currentColor\" stroke-width=\"2\" stroke-linecap=\"round\" stroke-linejoin=\"round\"><path d=\"m12 8 6-3-6-3v10\"><\/path><path d=\"m8 11.99-5.5 3.14a1 1 0 0 0 0 1.74l8.5 4.86a2 2 0 0 0 2 0l8.5-4.86a1 1 0 0 0 0-1.74L16 12\"><\/path><path d=\"m6.49 12.85 11.02 6.3\"><\/path><path d=\"M17.51 12.85 6.5 19.15\"><\/path><\/svg>\n De 37,24 a 791,97 m\u00b2\n              <\/span>\n\n              <span class=\"info-tag\">\n                <svg xmlns=\"http:\/\/www.w3.org\/2000\/svg\" width=\"14\" height=\"14\" viewbox=\"0 0 24 24\" fill=\"none\" stroke=\"currentColor\" stroke-width=\"2\" stroke-linecap=\"round\" stroke-linejoin=\"round\"><rect x=\"3\" y=\"4\" width=\"18\" height=\"18\" rx=\"2\"><\/rect><path d=\"M16 2v4\"><\/path><path d=\"M8 2v4\"><\/path><path d=\"M3 10h18\"><\/path><\/svg>\n 2027\n              <\/span>\n\n              <span class=\"info-tag info-tag--statut\">\n En desarrollo\n              <\/span>\n\n              <\/div>\n            <\/div>\n            <!-- MILIEU : description -->\n\n <p>Bienvenido a Playa Del Sol, el proyecto exclusivo de Ellington, ubicado en las ic\u00f3nicas orillas de Al Marjan Island en Ras Al Khaimah. Playa Del Sol redefine el arte de la vida isle\u00f1a, perfeccionando cada detalle para un estilo de vida que refleja tu esencia. Vive de forma vibrante, donde cada momento est\u00e1 impregnado de belleza, serenidad y el ritmo propio de la isla.  <\/p>\n<p>Playa Del Sol se alza como una audaz declaraci\u00f3n arquitect\u00f3nica, dise\u00f1ada para sumergir a sus residentes en impresionantes vistas del Golfo Ar\u00e1bigo, al tiempo que ofrece una proximidad inigualable al prestigioso Wynn Resort.<\/p>\n<p>Playa Del Sol encarna la belleza serena y el esp\u00edritu din\u00e1mico de su entorno costero.<br \/>\nLas residencias destacan el uso de materiales naturales, cuidadosamente seleccionados para reflejar las cualidades luminosas de los amaneceres y atardeceres \u00fanicos de este lugar.<br \/>\nLos interiores priorizan una conexi\u00f3n fluida con la naturaleza, mostrando una artesan\u00eda refinada y transiciones elegantes que equilibran perfectamente est\u00e9tica y funcionalidad.<\/p>\n\n            <!-- BAS : voir plus -->\n            <span class=\"voir-plus\">Ver m\u00e1s \u2192<\/span>\n\n          <\/div>\n        <\/div>\n      <\/div>\n    <\/a>\n    \n  <\/div><\/div><\/div>\n<\/div>\n<\/div>\n<\/div>","protected":false},"excerpt":{"rendered":"","protected":false},"author":2,"featured_media":0,"parent":0,"menu_order":0,"comment_status":"closed","ping_status":"closed","template":"","meta":{"footnotes":""},"class_list":["post-392","page","type-page","status-publish","hentry"],"_links":{"self":[{"href":"https:\/\/fresinigroup.com\/es\/wp-json\/wp\/v2\/pages\/392","targetHints":{"allow":["GET"]}}],"collection":[{"href":"https:\/\/fresinigroup.com\/es\/wp-json\/wp\/v2\/pages"}],"about":[{"href":"https:\/\/fresinigroup.com\/es\/wp-json\/wp\/v2\/types\/page"}],"author":[{"embeddable":true,"href":"https:\/\/fresinigroup.com\/es\/wp-json\/wp\/v2\/users\/2"}],"replies":[{"embeddable":true,"href":"https:\/\/fresinigroup.com\/es\/wp-json\/wp\/v2\/comments?post=392"}],"version-history":[{"count":5,"href":"https:\/\/fresinigroup.com\/es\/wp-json\/wp\/v2\/pages\/392\/revisions"}],"predecessor-version":[{"id":1200,"href":"https:\/\/fresinigroup.com\/es\/wp-json\/wp\/v2\/pages\/392\/revisions\/1200"}],"wp:attachment":[{"href":"https:\/\/fresinigroup.com\/es\/wp-json\/wp\/v2\/media?parent=392"}],"curies":[{"name":"wp","href":"https:\/\/api.w.org\/{rel}","templated":true}]}}