{"id":402,"date":"2026-03-17T13:32:12","date_gmt":"2026-03-17T13:32:12","guid":{"rendered":"https:\/\/fresinigroup.com\/servicios\/"},"modified":"2026-04-03T10:17:39","modified_gmt":"2026-04-03T10:17:39","slug":"servicios","status":"publish","type":"page","link":"https:\/\/fresinigroup.com\/es\/servicios\/","title":{"rendered":"Servicios"},"content":{"rendered":"<div class=\"et_pb_section_0 et_pb_section et_section_regular et_flex_section\">\n<div class=\"et_pb_row_0 et_pb_row et_flex_row\">\n<div class=\"et_pb_column_0 et_pb_column et-last-child et_flex_column et_pb_css_mix_blend_mode_passthrough et_flex_column_24_24 et_flex_column_24_24_tablet et_flex_column_24_24_phone\">\n<section class=\"et_pb_fullwidth_header_0 et_pb_fullwidth_header et_pb_bg_layout_dark et_pb_text_align_left et_pb_section_parallax et_pb_module et_flex_module\"><span class=\"et-pb-parallax-wrapper\"><span class=\"et-pb-parallax-background et-pb-parallax-background-module--divi-fullwidth-header-0\" style=\"background-image:url(https:\/\/fresinigroup.com\/wp-content\/uploads\/2026\/03\/dubai_wheel_resize.jpg)\"><\/span><span class=\"et_parallax_gradient\" style=\"background-image:linear-gradient(90deg, rgba(0, 0, 0, 0.43) 0%,rgba(0, 0, 0, 0.38) 100% 100%)\"><\/span><\/span><div class=\"et_pb_fullwidth_header_container left\"><div class=\"header-content-container center\"><div class=\"header-content et_flex_module\"><h1 class=\"et_pb_module_header\">Nuestros servicios<\/h1><div class=\"et_pb_header_button_wrapper\"><\/div><\/div><\/div><\/div><div class=\"et_pb_fullwidth_header_overlay\"><\/div><div class=\"et_pb_fullwidth_header_scroll\"><\/div><\/section>\n<\/div>\n<\/div>\n<\/div>\n\n<div class=\"et_pb_section_1 et_pb_section et_section_regular et_flex_section\">\n<div class=\"et_pb_row_1 et_pb_row et_flex_row\">\n<div class=\"et_pb_column_1 et_pb_column et-last-child et_flex_column et_pb_css_mix_blend_mode_passthrough et_flex_column_24_24 et_flex_column_24_24_tablet et_flex_column_24_24_phone\">\n<div class=\"et_pb_heading_0 et_pb_heading et_pb_module et_flex_module\"><div class=\"et_pb_heading_container\"><h1 class=\"et_pb_module_header\">Servicio de la A a la Z<\/h1><\/div><\/div>\n<\/div>\n<\/div>\n\n<div class=\"et_pb_row_2 et_pb_row et_grid_row\">\n<div class=\"et_pb_column_2 et_pb_column et_flex_column et_pb_css_mix_blend_mode_passthrough\">\n<div class=\"et_pb_text_0 et_pb_text et_pb_bg_layout_light et_pb_module et_flex_module\"><div class=\"et_pb_text_inner\"><h3>Creaci\u00f3n de empresa y reubicaci\u00f3n<\/h3>\n<p>Fresini Group acompa\u00f1a a sus clientes en la creaci\u00f3n de sociedades y todos los tr\u00e1mites administrativos necesarios para el lanzamiento de su actividad. Tambi\u00e9n organizamos la mudanza e instalaci\u00f3n in situ: transporte de efectos personales y mascotas, b\u00fasqueda de vivienda, gesti\u00f3n del contrato de alquiler, inscripciones diversas, etc. <\/p>\n<\/div><\/div>\n<\/div>\n\n<div class=\"et_pb_column_3 et_pb_column et_flex_column et_pb_css_mix_blend_mode_passthrough\">\n<div class=\"et_pb_text_1 et_pb_text et_pb_bg_layout_light et_pb_module et_flex_module\"><div class=\"et_pb_text_inner\"><h3>Reubicaci\u00f3n a medida<\/h3>\n<p>Fresini Group ofrece un servicio de la A a la Z completamente personalizado seg\u00fan el perfil y objetivos de cada cliente. Los servicios y tarifas se adaptan a medida, con un interlocutor dedicado que asegura un seguimiento fluido y profesional en cada etapa. <\/p>\n<\/div><\/div>\n<\/div>\n\n<div class=\"et_pb_column_4 et_pb_column et_flex_column et_pb_css_mix_blend_mode_passthrough\">\n<div class=\"et_pb_text_2 et_pb_text et_pb_bg_layout_light et_pb_module et_flex_module\"><div class=\"et_pb_text_inner\"><h3>Inversi\u00f3n y movilidad<\/h3>\n<p>Fresini Group asesora y acompa\u00f1a en la inversi\u00f3n inmobiliaria, desde el an\u00e1lisis de oportunidades hasta el seguimiento de proyectos in situ. La oferta incluye tambi\u00e9n la organizaci\u00f3n de eventos y animaciones as\u00ed como el alquiler de veh\u00edculos, garantizando confort, movilidad e integraci\u00f3n r\u00e1pida en el nuevo entorno de vida. <\/p>\n<\/div><\/div>\n<\/div>\n\n<div class=\"et_pb_column_5 et_pb_column et-last-child et_flex_column et_pb_css_mix_blend_mode_passthrough\">\n<div class=\"et_pb_text_3 et_pb_text et_pb_bg_layout_light et_pb_module et_flex_module\"><div class=\"et_pb_text_inner\"><h3>Alquiler de Veh\u00edculos de Lujo<\/h3>\n<p>Fresini Group pone a su disposici\u00f3n una flota de veh\u00edculos de alta gama para satisfacer las necesidades de movilidad m\u00e1s exigentes. Desde traslados al aeropuerto hasta viajes de negocios y eventos privados, ofrecemos veh\u00edculos de prestigio con ch\u00f3fer privado, que combinan comodidad, discreci\u00f3n y elegancia. Servicio disponible por d\u00eda, semana o a medida seg\u00fan sus necesidades.   <\/p>\n<\/div><\/div>\n<\/div>\n<\/div>\n<\/div>\n\n<div class=\"et_pb_section_2 et_pb_section et_section_regular et_flex_section\">\n<div class=\"et_pb_row_3 et_pb_row et_flex_row\">\n<div class=\"et_pb_column_6 et_pb_column et_flex_column et_pb_css_mix_blend_mode_passthrough et_flex_column_8_24 et_flex_column_8_24_tablet et_flex_column_24_24_phone\">\n<div class=\"et_pb_text_4 et_pb_text et_pb_bg_layout_light et_pb_module et_flex_module\"><div class=\"et_pb_text_inner\"><h2>+30<\/h2>\n<p>Proyectos<\/p>\n<\/div><\/div>\n<\/div>\n\n<div class=\"et_pb_column_7 et_pb_column et_flex_column et_pb_css_mix_blend_mode_passthrough et_flex_column_8_24 et_flex_column_8_24_tablet et_flex_column_24_24_phone\">\n<div class=\"et_pb_text_5 et_pb_text et_pb_bg_layout_light et_pb_module et_flex_module\"><div class=\"et_pb_text_inner\"><p>Desde<\/p>\n<h2>2020<\/h2>\n<\/div><\/div>\n<\/div>\n\n<div class=\"et_pb_column_8 et_pb_column et-last-child et_flex_column et_pb_css_mix_blend_mode_passthrough et_flex_column_8_24 et_flex_column_8_24_tablet et_flex_column_24_24_phone\">\n<div class=\"et_pb_text_6 et_pb_text et_pb_bg_layout_light et_pb_module et_flex_module\"><div class=\"et_pb_text_inner\"><p>Tu \u00e9xito, <\/p>\n<h2>nuestra prioridad<\/h2>\n<\/div><\/div>\n<\/div>\n<\/div>\n<\/div>\n\n<div class=\"et_pb_section_3 et_pb_section et_section_regular et_flex_section\">\n<div class=\"et_pb_row_4 et_pb_row et_flex_row\">\n<div class=\"et_pb_column_9 et_pb_column et-last-child et_flex_column et_pb_css_mix_blend_mode_passthrough et_flex_column_24_24 et_flex_column_24_24_tablet et_flex_column_24_24_phone\">\n<div class=\"et_pb_heading_1 et_pb_heading et_pb_module et_flex_module\"><div class=\"et_pb_heading_container\"><h1 class=\"et_pb_module_header\">\u00bfQuieres invertir?<\/h1><\/div><\/div>\n\n<div class=\"et_pb_text_7 et_pb_text et_pb_bg_layout_light et_pb_module et_flex_module\"><div class=\"et_pb_text_inner\"><p>Fresini Group te acompa\u00f1a en las oportunidades m\u00e1s rentables del emirato.<\/p>\n<\/div><\/div>\n<\/div>\n<\/div>\n\n<div class=\"et_pb_row_5 et_pb_row et_flex_row\">\n<div class=\"et_pb_column_10 et_pb_column et_flex_column et_pb_css_mix_blend_mode_passthrough et_flex_column_8_24 et_flex_column_8_24_tablet et_flex_column_24_24_phone\">\n<div class=\"et_pb_text_8 et_pb_text et_pb_bg_layout_light et_pb_module et_flex_module\"><div class=\"et_pb_text_inner\"><h3>Inmobiliario residencial y comercial<\/h3>\n<p>Apartamentos, villas y oficinas en zonas estrat\u00e9gicas como Downtown Dubai, Dubai Marina o Palm Jumeirah.<br \/>\nInmobiliario comercial en \u00e1reas de negocios din\u00e1micas y en plena expansi\u00f3n.<br \/>\nAcceso al Golden Visa mediante adquisici\u00f3n inmobiliaria cualificada.<\/p>\n<\/div><\/div>\n<\/div>\n\n<div class=\"et_pb_column_11 et_pb_column et_flex_column et_pb_css_mix_blend_mode_passthrough et_flex_column_8_24 et_flex_column_8_24_tablet et_flex_column_24_24_phone\">\n<div class=\"et_pb_text_9 et_pb_text et_pb_bg_layout_light et_pb_module et_flex_module\"><div class=\"et_pb_text_inner\"><h3>Creaci\u00f3n de empresa<\/h3>\n<p>Implantaci\u00f3n de sociedades en zonas francas (fintech, e-commerce, log\u00edstica). Sectores de alto potencial: turismo, tecnolog\u00edas digitales, salud y servicios B2B. Tr\u00e1mites simplificados con acompa\u00f1amiento completo para el lanzamiento.  <\/p>\n<\/div><\/div>\n<\/div>\n\n<div class=\"et_pb_column_12 et_pb_column et-last-child et_flex_column et_pb_css_mix_blend_mode_passthrough et_flex_column_8_24 et_flex_column_8_24_tablet et_flex_column_24_24_phone\">\n<div class=\"et_pb_text_10 et_pb_text et_pb_bg_layout_light et_pb_module et_flex_module\"><div class=\"et_pb_text_inner\"><h3>Diversificaci\u00f3n estrat\u00e9gica<\/h3>\n<p>Hoteler\u00eda de lujo y proyectos hoteleros.<br \/>\nStartups tecnol\u00f3gicas e innovaciones en IA, blockchain. Alianzas p\u00fablico-privadas en infraestructuras y energ\u00eda sostenible. <\/p>\n<\/div><\/div>\n<\/div>\n<\/div>\n<\/div>\n\n<div class=\"et_pb_section_4 et_pb_section et_section_regular et_flex_section\">\n<div class=\"et_pb_row_6 et_pb_row et_flex_row\">\n<div class=\"et_pb_column_13 et_pb_column et-last-child et_flex_column et_pb_css_mix_blend_mode_passthrough et_flex_column_24_24 et_flex_column_24_24_tablet et_flex_column_24_24_phone\">\n<div class=\"et_pb_heading_2 et_pb_heading et_pb_module et_flex_module\"><div class=\"et_pb_heading_container\"><h1 class=\"et_pb_module_header\">Nuestros \u00faltimos proyectos e inversiones<\/h1><\/div><\/div>\n\n<div class=\"et_pb_code_0 et_pb_code et_pb_module\"><div class=\"et_pb_code_inner\"><div id=\"realisations\" class=\"realisations-grid\">\n    \n    <a href=\"https:\/\/fresinigroup.com\/es\/projet\/eltiera-views\/\" class=\"realisation\" data-categories=\"\">\n      <div class=\"realisation-image\" style=\"background-image:url('https:\/\/fresinigroup.com\/wp-content\/uploads\/2026\/03\/Eltiera-views-1024x602.png');\">\n        <div class=\"title-default\">\n          <h3>Eltiera Views<\/h3>\n        <\/div>\n        <div class=\"overlay\">\n          <div class=\"overlay-content\">\n\n            <!-- HAUT : titre + infos -->\n            <div class=\"overlay-top\">\n              <h3>Eltiera Views<\/h3>\n              <div class=\"informations\">\n\n                <span class=\"info-tag\">\n                  <svg xmlns=\"http:\/\/www.w3.org\/2000\/svg\" width=\"16\" height=\"16\" viewbox=\"0 0 24 24\" fill=\"none\" stroke=\"currentColor\" stroke-width=\"2\" stroke-linecap=\"round\" stroke-linejoin=\"round\" class=\"lucide lucide-map-pin-icon lucide-map-pin\"><path d=\"M20 10c0 4.993-5.539 10.193-7.399 11.799a1 1 0 0 1-1.202 0C9.539 20.193 4 14.993 4 10a8 8 0 0 1 16 0\"><\/path><circle cx=\"12\" cy=\"10\" r=\"3\"><\/circle><\/svg>\n Jumeirah Islands\/Jumeirah Heights, Dubai\n                <\/span>\n\n\n              <span class=\"info-tag\">\n                <svg xmlns=\"http:\/\/www.w3.org\/2000\/svg\" width=\"14\" height=\"14\" viewbox=\"0 0 24 24\" fill=\"none\" stroke=\"currentColor\" stroke-width=\"2\" stroke-linecap=\"round\" stroke-linejoin=\"round\"><path d=\"m12 8 6-3-6-3v10\"><\/path><path d=\"m8 11.99-5.5 3.14a1 1 0 0 0 0 1.74l8.5 4.86a2 2 0 0 0 2 0l8.5-4.86a1 1 0 0 0 0-1.74L16 12\"><\/path><path d=\"m6.49 12.85 11.02 6.3\"><\/path><path d=\"M17.51 12.85 6.5 19.15\"><\/path><\/svg>\n De 73,95 a 558,16 m\u00b2\n              <\/span>\n\n              <span class=\"info-tag\">\n                <svg xmlns=\"http:\/\/www.w3.org\/2000\/svg\" width=\"14\" height=\"14\" viewbox=\"0 0 24 24\" fill=\"none\" stroke=\"currentColor\" stroke-width=\"2\" stroke-linecap=\"round\" stroke-linejoin=\"round\"><rect x=\"3\" y=\"4\" width=\"18\" height=\"18\" rx=\"2\"><\/rect><path d=\"M16 2v4\"><\/path><path d=\"M8 2v4\"><\/path><path d=\"M3 10h18\"><\/path><\/svg>\n 2029\n              <\/span>\n\n              <span class=\"info-tag info-tag--statut\">\n En desarrollo\n              <\/span>\n\n              <\/div>\n            <\/div>\n            <!-- MILIEU : description -->\n\n <p>Eltiera Views es la evoluci\u00f3n natural de Eltiera Heights, una continuaci\u00f3n refinada que profundiza la conexi\u00f3n entre el dise\u00f1o, el estilo de vida y la serenidad de su entorno. Concebido como una residencia para cada versi\u00f3n de ti mismo, ofrece espacios que se adaptan a tu ritmo, ya busques calma, movimiento, conexi\u00f3n o retiro. Desde momentos sociales vibrantes hasta rituales tranquilos, cada detalle ha sido cuidadosamente dise\u00f1ado para resonar con las m\u00faltiples facetas de la vida moderna. El desarrollo residencial est\u00e1 moldeado por su entorno, tomando su forma y su esencia del lago sereno, los verdes esculpidos y las aguas lejanas de Jumeirah Islands. Aqu\u00ed, la arquitectura no solo enmarca la vista, fluye a partir de ella.<\/p>\n\n            <!-- BAS : voir plus -->\n            <span class=\"voir-plus\">Ver m\u00e1s \u2192<\/span>\n\n          <\/div>\n        <\/div>\n      <\/div>\n    <\/a>\n\n    <a href=\"https:\/\/fresinigroup.com\/es\/projet\/im-sports-complex\/\" class=\"realisation\" data-categories=\"\">\n      <div class=\"realisation-image\" style=\"background-image:url('https:\/\/fresinigroup.com\/wp-content\/uploads\/2026\/03\/IM-sports-air-view-1-1024x578.png');\">\n        <div class=\"title-default\">\n          <h3>IM Sports Complex<\/h3>\n        <\/div>\n        <div class=\"overlay\">\n          <div class=\"overlay-content\">\n\n            <!-- HAUT : titre + infos -->\n            <div class=\"overlay-top\">\n              <h3>IM Sports Complex<\/h3>\n              <div class=\"informations\">\n\n                <span class=\"info-tag\">\n                  <svg xmlns=\"http:\/\/www.w3.org\/2000\/svg\" width=\"16\" height=\"16\" viewbox=\"0 0 24 24\" fill=\"none\" stroke=\"currentColor\" stroke-width=\"2\" stroke-linecap=\"round\" stroke-linejoin=\"round\" class=\"lucide lucide-map-pin-icon lucide-map-pin\"><path d=\"M20 10c0 4.993-5.539 10.193-7.399 11.799a1 1 0 0 1-1.202 0C9.539 20.193 4 14.993 4 10a8 8 0 0 1 16 0\"><\/path><circle cx=\"12\" cy=\"10\" r=\"3\"><\/circle><\/svg>\n Duba\u00ef\n                <\/span>\n\n\n\n              <\/div>\n            <\/div>\n            <!-- MILIEU : description -->\n\n <p class=\"my-2 [&amp;+p]:mt-4 [&amp;_strong:has(+br)]:inline-block [&amp;_strong:has(+br)]:pb-2\">I A M S Sport Clubs est\u00e1 constituida como una sociedad de responsabilidad limitada (Mainland LLC) en Dub\u00e1i, cumpliendo con todos los requisitos legales y normativas establecidas por el Dubai Economic Department (DED).<br \/>Esta estructura ofrece flexibilidad para operar en todo el territorio de los Emiratos \u00c1rabes Unidos y permite una colaboraci\u00f3n fluida tanto con el sector p\u00fablico como con el privado. <\/p>\n<p class=\"my-2 [&amp;+p]:mt-4 [&amp;_strong:has(+br)]:inline-block [&amp;_strong:has(+br)]:pb-2\">La misi\u00f3n es formar a la pr\u00f3xima generaci\u00f3n de atletas mediante un entrenamiento de alta calidad y ofrecer una plataforma para la participaci\u00f3n en deportes competitivos.<br \/>La visi\u00f3n, a largo plazo, es convertirse en la principal academia deportiva de la regi\u00f3n, fomentando el talento desde las bases hasta los niveles profesionales. <\/p>\n<p class=\"my-2 [&amp;+p]:mt-4 [&amp;_strong:has(+br)]:inline-block [&amp;_strong:has(+br)]:pb-2\">Este proyecto busca inversores potenciales.<br \/>\nLos accionistas (inversores) de I A M S Sport Clubs poseer\u00e1n acciones proporcionales a su aportaci\u00f3n de capital.<br \/>El porcentaje de propiedad de cada accionista reflejar\u00e1 exactamente la cantidad invertida, garantizando una representaci\u00f3n equitativa y un poder de decisi\u00f3n justo dentro de la empresa. <\/p>\n\n            <!-- BAS : voir plus -->\n            <span class=\"voir-plus\">Ver m\u00e1s \u2192<\/span>\n\n          <\/div>\n        <\/div>\n      <\/div>\n    <\/a>\n\n    <a href=\"https:\/\/fresinigroup.com\/es\/projet\/playa-del-sol\/\" class=\"realisation\" data-categories=\"\">\n      <div class=\"realisation-image\" style=\"background-image:url('https:\/\/fresinigroup.com\/wp-content\/uploads\/2026\/03\/Screenshot-2026-03-27-at-13.23.55-1024x472.png');\">\n        <div class=\"title-default\">\n          <h3>Playa Del Sol<\/h3>\n        <\/div>\n        <div class=\"overlay\">\n          <div class=\"overlay-content\">\n\n            <!-- HAUT : titre + infos -->\n            <div class=\"overlay-top\">\n              <h3>Playa Del Sol<\/h3>\n              <div class=\"informations\">\n\n                <span class=\"info-tag\">\n                  <svg xmlns=\"http:\/\/www.w3.org\/2000\/svg\" width=\"16\" height=\"16\" viewbox=\"0 0 24 24\" fill=\"none\" stroke=\"currentColor\" stroke-width=\"2\" stroke-linecap=\"round\" stroke-linejoin=\"round\" class=\"lucide lucide-map-pin-icon lucide-map-pin\"><path d=\"M20 10c0 4.993-5.539 10.193-7.399 11.799a1 1 0 0 1-1.202 0C9.539 20.193 4 14.993 4 10a8 8 0 0 1 16 0\"><\/path><circle cx=\"12\" cy=\"10\" r=\"3\"><\/circle><\/svg>\n Ras Al Khaimah\n                <\/span>\n\n\n              <span class=\"info-tag\">\n                <svg xmlns=\"http:\/\/www.w3.org\/2000\/svg\" width=\"14\" height=\"14\" viewbox=\"0 0 24 24\" fill=\"none\" stroke=\"currentColor\" stroke-width=\"2\" stroke-linecap=\"round\" stroke-linejoin=\"round\"><path d=\"m12 8 6-3-6-3v10\"><\/path><path d=\"m8 11.99-5.5 3.14a1 1 0 0 0 0 1.74l8.5 4.86a2 2 0 0 0 2 0l8.5-4.86a1 1 0 0 0 0-1.74L16 12\"><\/path><path d=\"m6.49 12.85 11.02 6.3\"><\/path><path d=\"M17.51 12.85 6.5 19.15\"><\/path><\/svg>\n De 37,24 a 791,97 m\u00b2\n              <\/span>\n\n              <span class=\"info-tag\">\n                <svg xmlns=\"http:\/\/www.w3.org\/2000\/svg\" width=\"14\" height=\"14\" viewbox=\"0 0 24 24\" fill=\"none\" stroke=\"currentColor\" stroke-width=\"2\" stroke-linecap=\"round\" stroke-linejoin=\"round\"><rect x=\"3\" y=\"4\" width=\"18\" height=\"18\" rx=\"2\"><\/rect><path d=\"M16 2v4\"><\/path><path d=\"M8 2v4\"><\/path><path d=\"M3 10h18\"><\/path><\/svg>\n 2027\n              <\/span>\n\n              <span class=\"info-tag info-tag--statut\">\n En desarrollo\n              <\/span>\n\n              <\/div>\n            <\/div>\n            <!-- MILIEU : description -->\n\n <p>Bienvenido a Playa Del Sol, el proyecto exclusivo de Ellington, ubicado en las ic\u00f3nicas orillas de Al Marjan Island en Ras Al Khaimah. Playa Del Sol redefine el arte de la vida isle\u00f1a, perfeccionando cada detalle para un estilo de vida que refleja tu esencia. Vive de forma vibrante, donde cada momento est\u00e1 impregnado de belleza, serenidad y el ritmo propio de la isla.  <\/p>\n<p>Playa Del Sol se alza como una audaz declaraci\u00f3n arquitect\u00f3nica, dise\u00f1ada para sumergir a sus residentes en impresionantes vistas del Golfo Ar\u00e1bigo, al tiempo que ofrece una proximidad inigualable al prestigioso Wynn Resort.<\/p>\n<p>Playa Del Sol encarna la belleza serena y el esp\u00edritu din\u00e1mico de su entorno costero.<br \/>\nLas residencias destacan el uso de materiales naturales, cuidadosamente seleccionados para reflejar las cualidades luminosas de los amaneceres y atardeceres \u00fanicos de este lugar.<br \/>\nLos interiores priorizan una conexi\u00f3n fluida con la naturaleza, mostrando una artesan\u00eda refinada y transiciones elegantes que equilibran perfectamente est\u00e9tica y funcionalidad.<\/p>\n\n            <!-- BAS : voir plus -->\n            <span class=\"voir-plus\">Ver m\u00e1s \u2192<\/span>\n\n          <\/div>\n        <\/div>\n      <\/div>\n    <\/a>\n    \n  <\/div><\/div><\/div>\n\n<div class=\"et_pb_module et_pb_button_module_wrapper et_pb_button_0_wrapper\"><a class=\"et_pb_button_0 et_pb_button et_pb_bg_layout_light et_pb_module et_flex_module\" href=\"https:\/\/fresinigroup.com\/projets-investissements\/\" data-icon=\"\uf1ad\">Todos nuestros proyectos<\/a><\/div>\n<\/div>\n<\/div>\n<\/div>\n\n<div class=\"et_pb_section_5 et_pb_section et_section_regular et_flex_section\">\n<div class=\"et_pb_row_7 et_pb_row et_flex_row\">\n<div class=\"et_pb_column_14 et_pb_column et-last-child et_flex_column et_pb_css_mix_blend_mode_passthrough et_flex_column_24_24 et_flex_column_24_24_tablet et_flex_column_24_24_phone\">\n<div class=\"et_pb_heading_3 et_pb_heading et_pb_module et_flex_module\"><div class=\"et_pb_heading_container\"><h1 class=\"et_pb_module_header\">Para m\u00e1s informaci\u00f3n,<\/h1><\/div><\/div>\n\n<div class=\"et_pb_module et_pb_button_module_wrapper et_pb_button_1_wrapper\"><a class=\"et_pb_button_1 et_pb_button et_pb_bg_layout_light et_pb_module et_flex_module\" href=\"https:\/\/fresinigroup.com\/projets-investissements\/\" data-icon=\"\uf1d8\">\u00a1Cont\u00e1ctanos!<\/a><\/div>\n<\/div>\n<\/div>\n<\/div>","protected":false},"excerpt":{"rendered":"","protected":false},"author":2,"featured_media":0,"parent":0,"menu_order":0,"comment_status":"closed","ping_status":"closed","template":"","meta":{"footnotes":""},"class_list":["post-402","page","type-page","status-publish","hentry"],"_links":{"self":[{"href":"https:\/\/fresinigroup.com\/es\/wp-json\/wp\/v2\/pages\/402","targetHints":{"allow":["GET"]}}],"collection":[{"href":"https:\/\/fresinigroup.com\/es\/wp-json\/wp\/v2\/pages"}],"about":[{"href":"https:\/\/fresinigroup.com\/es\/wp-json\/wp\/v2\/types\/page"}],"author":[{"embeddable":true,"href":"https:\/\/fresinigroup.com\/es\/wp-json\/wp\/v2\/users\/2"}],"replies":[{"embeddable":true,"href":"https:\/\/fresinigroup.com\/es\/wp-json\/wp\/v2\/comments?post=402"}],"version-history":[{"count":3,"href":"https:\/\/fresinigroup.com\/es\/wp-json\/wp\/v2\/pages\/402\/revisions"}],"predecessor-version":[{"id":1218,"href":"https:\/\/fresinigroup.com\/es\/wp-json\/wp\/v2\/pages\/402\/revisions\/1218"}],"wp:attachment":[{"href":"https:\/\/fresinigroup.com\/es\/wp-json\/wp\/v2\/media?parent=402"}],"curies":[{"name":"wp","href":"https:\/\/api.w.org\/{rel}","templated":true}]}}