{"id":394,"date":"2026-03-17T13:31:31","date_gmt":"2026-03-17T13:31:31","guid":{"rendered":"https:\/\/fresinigroup.com\/progetti-immobiliari\/"},"modified":"2026-04-03T10:12:56","modified_gmt":"2026-04-03T10:12:56","slug":"progetti-immobiliari","status":"publish","type":"page","link":"https:\/\/fresinigroup.com\/it\/progetti-immobiliari\/","title":{"rendered":"Progetti \/ Investimenti"},"content":{"rendered":"<div class=\"et_pb_section_0 et_pb_section et_section_regular et_flex_section\">\n<div class=\"et_pb_row_0 et_pb_row et_flex_row\">\n<div class=\"et_pb_column_0 et_pb_column et-last-child et_flex_column et_pb_css_mix_blend_mode_passthrough et_flex_column_24_24 et_flex_column_24_24_tablet et_flex_column_24_24_phone\">\n<section class=\"et_pb_fullwidth_header_0 et_pb_fullwidth_header et_pb_bg_layout_dark et_pb_text_align_left et_pb_module et_flex_module\"><div class=\"et_pb_fullwidth_header_container left\"><div class=\"header-content-container center\"><div class=\"header-content et_flex_module\"><h1 class=\"et_pb_module_header\">Progetti e Investimenti<\/h1><div class=\"et_pb_header_button_wrapper\"><\/div><\/div><\/div><\/div><div class=\"et_pb_fullwidth_header_overlay\"><\/div><div class=\"et_pb_fullwidth_header_scroll\"><\/div><\/section>\n<\/div>\n<\/div>\n<\/div>\n\n<div class=\"et_pb_section_1 et_pb_section et_section_regular et_flex_section\">\n<div class=\"et_pb_row_1 et_pb_row et_flex_row\">\n<div class=\"et_pb_column_1 et_pb_column et-last-child et_flex_column et_pb_css_mix_blend_mode_passthrough et_flex_column_24_24 et_flex_column_24_24_tablet et_flex_column_24_24_phone\">\n<div class=\"et_pb_code_0 et_pb_code et_pb_module\"><div class=\"et_pb_code_inner\"><div id=\"realisations\" class=\"realisations-grid\">\n    \n    <a href=\"https:\/\/fresinigroup.com\/it\/projet\/eltiera-views\/\" class=\"realisation\" data-categories=\"\">\n      <div class=\"realisation-image\" style=\"background-image:url('https:\/\/fresinigroup.com\/wp-content\/uploads\/2026\/03\/Eltiera-views-1024x602.png');\">\n        <div class=\"title-default\">\n          <h3>Eltiera Views<\/h3>\n        <\/div>\n        <div class=\"overlay\">\n          <div class=\"overlay-content\">\n\n            <!-- HAUT : titre + infos -->\n            <div class=\"overlay-top\">\n              <h3>Eltiera Views<\/h3>\n              <div class=\"informations\">\n\n                <span class=\"info-tag\">\n                  <svg xmlns=\"http:\/\/www.w3.org\/2000\/svg\" width=\"16\" height=\"16\" viewbox=\"0 0 24 24\" fill=\"none\" stroke=\"currentColor\" stroke-width=\"2\" stroke-linecap=\"round\" stroke-linejoin=\"round\" class=\"lucide lucide-map-pin-icon lucide-map-pin\"><path d=\"M20 10c0 4.993-5.539 10.193-7.399 11.799a1 1 0 0 1-1.202 0C9.539 20.193 4 14.993 4 10a8 8 0 0 1 16 0\"><\/path><circle cx=\"12\" cy=\"10\" r=\"3\"><\/circle><\/svg>\n Jumeirah Islands\/Jumeirah Heights, Dubai\n                <\/span>\n\n\n              <span class=\"info-tag\">\n                <svg xmlns=\"http:\/\/www.w3.org\/2000\/svg\" width=\"14\" height=\"14\" viewbox=\"0 0 24 24\" fill=\"none\" stroke=\"currentColor\" stroke-width=\"2\" stroke-linecap=\"round\" stroke-linejoin=\"round\"><path d=\"m12 8 6-3-6-3v10\"><\/path><path d=\"m8 11.99-5.5 3.14a1 1 0 0 0 0 1.74l8.5 4.86a2 2 0 0 0 2 0l8.5-4.86a1 1 0 0 0 0-1.74L16 12\"><\/path><path d=\"m6.49 12.85 11.02 6.3\"><\/path><path d=\"M17.51 12.85 6.5 19.15\"><\/path><\/svg>\n Da 73,95 a 558,16 m\u00b2\n              <\/span>\n\n              <span class=\"info-tag\">\n                <svg xmlns=\"http:\/\/www.w3.org\/2000\/svg\" width=\"14\" height=\"14\" viewbox=\"0 0 24 24\" fill=\"none\" stroke=\"currentColor\" stroke-width=\"2\" stroke-linecap=\"round\" stroke-linejoin=\"round\"><rect x=\"3\" y=\"4\" width=\"18\" height=\"18\" rx=\"2\"><\/rect><path d=\"M16 2v4\"><\/path><path d=\"M8 2v4\"><\/path><path d=\"M3 10h18\"><\/path><\/svg>\n 2029\n              <\/span>\n\n              <span class=\"info-tag info-tag--statut\">\n In corso\n              <\/span>\n\n              <\/div>\n            <\/div>\n            <!-- MILIEU : description -->\n\n <p>Eltiera Views rappresenta l\u2019evoluzione naturale di Eltiera Heights, una raffinata continuazione che approfondisce la connessione tra design, stile di vita e la serenit\u00e0 del suo ambiente. Concepito come una residenza per ogni versione di te stesso, offre spazi che si adattano al tuo ritmo, sia che tu cerchi tranquillit\u00e0, movimento, connessione o intimit\u00e0.<br \/>\nDai momenti sociali pi\u00f9 vivaci ai rituali pi\u00f9 silenziosi, ogni dettaglio \u00e8 stato accuratamente pensato per armonizzarsi con le molteplici sfaccettature della vita moderna. Il complesso residenziale \u00e8 plasmato dal suo contesto, traendo forma e atmosfera dal lago tranquillo, dai giardini scolpiti e dalle acque lontane delle Jumeirah Islands.<br \/>\nQui, l\u2019architettura non si limita a incorniciare la vista, nasce da essa.<\/p>\n\n            <!-- BAS : voir plus -->\n            <span class=\"voir-plus\">Vedi di pi\u00f9 \u2192<\/span>\n\n          <\/div>\n        <\/div>\n      <\/div>\n    <\/a>\n\n    <a href=\"https:\/\/fresinigroup.com\/it\/projet\/im-sports-complex\/\" class=\"realisation\" data-categories=\"\">\n      <div class=\"realisation-image\" style=\"background-image:url('https:\/\/fresinigroup.com\/wp-content\/uploads\/2026\/03\/IM-sports-air-view-1-1024x578.png');\">\n        <div class=\"title-default\">\n          <h3>IM Sports Complex<\/h3>\n        <\/div>\n        <div class=\"overlay\">\n          <div class=\"overlay-content\">\n\n            <!-- HAUT : titre + infos -->\n            <div class=\"overlay-top\">\n              <h3>IM Sports Complex<\/h3>\n              <div class=\"informations\">\n\n                <span class=\"info-tag\">\n                  <svg xmlns=\"http:\/\/www.w3.org\/2000\/svg\" width=\"16\" height=\"16\" viewbox=\"0 0 24 24\" fill=\"none\" stroke=\"currentColor\" stroke-width=\"2\" stroke-linecap=\"round\" stroke-linejoin=\"round\" class=\"lucide lucide-map-pin-icon lucide-map-pin\"><path d=\"M20 10c0 4.993-5.539 10.193-7.399 11.799a1 1 0 0 1-1.202 0C9.539 20.193 4 14.993 4 10a8 8 0 0 1 16 0\"><\/path><circle cx=\"12\" cy=\"10\" r=\"3\"><\/circle><\/svg>\n Duba\u00ef\n                <\/span>\n\n\n\n              <\/div>\n            <\/div>\n            <!-- MILIEU : description -->\n\n <p class=\"my-2 [&amp;+p]:mt-4 [&amp;_strong:has(+br)]:inline-block [&amp;_strong:has(+br)]:pb-2\">I A M S Sport Clubs \u00e8 costituita come una societ\u00e0 a responsabilit\u00e0 limitata (Mainland LLC) a Dubai, nel pieno rispetto di tutti i requisiti legali e delle normative stabilite dal Dubai Economic Department (DED).<br \/>Questa struttura garantisce flessibilit\u00e0 operativa in tutto il territorio degli Emirati Arabi Uniti e consente una collaborazione agevole con i settori pubblico e privato. <\/p>\n<p class=\"my-2 [&amp;+p]:mt-4 [&amp;_strong:has(+br)]:inline-block [&amp;_strong:has(+br)]:pb-2\">La missione \u00e8 quella di formare la prossima generazione di atleti attraverso un allenamento di alta qualit\u00e0 e offrire una piattaforma per la partecipazione sportiva competitiva.<br \/>La visione, a lungo termine, \u00e8 diventare la principale accademia sportiva della regione, promuovendo il talento dalle basi fino ai livelli professionali. <\/p>\n<p class=\"my-2 [&amp;+p]:mt-4 [&amp;_strong:has(+br)]:inline-block [&amp;_strong:has(+br)]:pb-2\">Questo progetto \u00e8 alla ricerca di potenziali investitori. Gli azionisti (investitori) di I A M S Sport Clubs deterranno quote proporzionali al loro contributo di investimento. La percentuale di propriet\u00e0 di ciascun socio rifletter\u00e0 esattamente l\u2019importo investito, garantendo una rappresentanza equa e un potere decisionale bilanciato all\u2019interno della societ\u00e0. <\/p>\n\n            <!-- BAS : voir plus -->\n            <span class=\"voir-plus\">Vedi di pi\u00f9 \u2192<\/span>\n\n          <\/div>\n        <\/div>\n      <\/div>\n    <\/a>\n\n    <a href=\"https:\/\/fresinigroup.com\/it\/projet\/playa-del-sol\/\" class=\"realisation\" data-categories=\"\">\n      <div class=\"realisation-image\" style=\"background-image:url('https:\/\/fresinigroup.com\/wp-content\/uploads\/2026\/03\/Screenshot-2026-03-27-at-13.23.55-1024x472.png');\">\n        <div class=\"title-default\">\n          <h3>Playa Del Sol<\/h3>\n        <\/div>\n        <div class=\"overlay\">\n          <div class=\"overlay-content\">\n\n            <!-- HAUT : titre + infos -->\n            <div class=\"overlay-top\">\n              <h3>Playa Del Sol<\/h3>\n              <div class=\"informations\">\n\n                <span class=\"info-tag\">\n                  <svg xmlns=\"http:\/\/www.w3.org\/2000\/svg\" width=\"16\" height=\"16\" viewbox=\"0 0 24 24\" fill=\"none\" stroke=\"currentColor\" stroke-width=\"2\" stroke-linecap=\"round\" stroke-linejoin=\"round\" class=\"lucide lucide-map-pin-icon lucide-map-pin\"><path d=\"M20 10c0 4.993-5.539 10.193-7.399 11.799a1 1 0 0 1-1.202 0C9.539 20.193 4 14.993 4 10a8 8 0 0 1 16 0\"><\/path><circle cx=\"12\" cy=\"10\" r=\"3\"><\/circle><\/svg>\n Ras Al Khaimah\n                <\/span>\n\n\n              <span class=\"info-tag\">\n                <svg xmlns=\"http:\/\/www.w3.org\/2000\/svg\" width=\"14\" height=\"14\" viewbox=\"0 0 24 24\" fill=\"none\" stroke=\"currentColor\" stroke-width=\"2\" stroke-linecap=\"round\" stroke-linejoin=\"round\"><path d=\"m12 8 6-3-6-3v10\"><\/path><path d=\"m8 11.99-5.5 3.14a1 1 0 0 0 0 1.74l8.5 4.86a2 2 0 0 0 2 0l8.5-4.86a1 1 0 0 0 0-1.74L16 12\"><\/path><path d=\"m6.49 12.85 11.02 6.3\"><\/path><path d=\"M17.51 12.85 6.5 19.15\"><\/path><\/svg>\n Da 37,24 a 791,97 m\u00b2\n              <\/span>\n\n              <span class=\"info-tag\">\n                <svg xmlns=\"http:\/\/www.w3.org\/2000\/svg\" width=\"14\" height=\"14\" viewbox=\"0 0 24 24\" fill=\"none\" stroke=\"currentColor\" stroke-width=\"2\" stroke-linecap=\"round\" stroke-linejoin=\"round\"><rect x=\"3\" y=\"4\" width=\"18\" height=\"18\" rx=\"2\"><\/rect><path d=\"M16 2v4\"><\/path><path d=\"M8 2v4\"><\/path><path d=\"M3 10h18\"><\/path><\/svg>\n 2027\n              <\/span>\n\n              <span class=\"info-tag info-tag--statut\">\n In corso\n              <\/span>\n\n              <\/div>\n            <\/div>\n            <!-- MILIEU : description -->\n\n <p>Benvenuto a Playa Del Sol, il progetto esclusivo di Ellington situato sulle iconiche rive di Al Marjan Island a Ras Al Khaimah. Playa Del Sol ridefinisce l\u2019arte di vivere sull\u2019isola, perfezionando ogni dettaglio per uno stile di vita che ti rappresenta. Vivi un\u2019esistenza vibrante, dove ogni momento \u00e8 permeato di bellezza, serenit\u00e0 e del ritmo della vita isolana.  <\/p>\n<p>Playa Del Sol si erge come una audace dichiarazione architettonica, progettata per immergere i residenti in viste mozzafiato sul Golfo Arabico, offrendo al contempo una vicinanza impareggiabile al prestigioso Wynn Resort.<\/p>\n<p>Playa Del Sol incarna la bellezza tranquilla e lo spirito dinamico del suo ambiente costiero.<br \/>\nLe residenze valorizzano materiali naturali, accuratamente selezionati per riflettere le qualit\u00e0 luminose delle albe e dei tramonti unici di questo luogo. Gli interni privilegiano un legame armonioso con la natura, esaltando una maestria raffinata e transizioni eleganti che bilanciano perfettamente estetica e funzionalit\u00e0.<\/p>\n\n            <!-- BAS : voir plus -->\n            <span class=\"voir-plus\">Vedi di pi\u00f9 \u2192<\/span>\n\n          <\/div>\n        <\/div>\n      <\/div>\n    <\/a>\n    \n  <\/div><\/div><\/div>\n<\/div>\n<\/div>\n<\/div>","protected":false},"excerpt":{"rendered":"","protected":false},"author":2,"featured_media":0,"parent":0,"menu_order":0,"comment_status":"closed","ping_status":"closed","template":"","meta":{"footnotes":""},"class_list":["post-394","page","type-page","status-publish","hentry"],"_links":{"self":[{"href":"https:\/\/fresinigroup.com\/it\/wp-json\/wp\/v2\/pages\/394","targetHints":{"allow":["GET"]}}],"collection":[{"href":"https:\/\/fresinigroup.com\/it\/wp-json\/wp\/v2\/pages"}],"about":[{"href":"https:\/\/fresinigroup.com\/it\/wp-json\/wp\/v2\/types\/page"}],"author":[{"embeddable":true,"href":"https:\/\/fresinigroup.com\/it\/wp-json\/wp\/v2\/users\/2"}],"replies":[{"embeddable":true,"href":"https:\/\/fresinigroup.com\/it\/wp-json\/wp\/v2\/comments?post=394"}],"version-history":[{"count":5,"href":"https:\/\/fresinigroup.com\/it\/wp-json\/wp\/v2\/pages\/394\/revisions"}],"predecessor-version":[{"id":1201,"href":"https:\/\/fresinigroup.com\/it\/wp-json\/wp\/v2\/pages\/394\/revisions\/1201"}],"wp:attachment":[{"href":"https:\/\/fresinigroup.com\/it\/wp-json\/wp\/v2\/media?parent=394"}],"curies":[{"name":"wp","href":"https:\/\/api.w.org\/{rel}","templated":true}]}}